{"id":27513,"date":"2025-12-21T15:51:02","date_gmt":"2025-12-21T15:51:02","guid":{"rendered":"https:\/\/bibaninfusion.com\/?post_type=product&#038;p=27513"},"modified":"2026-02-14T14:51:41","modified_gmt":"2026-02-14T14:51:41","slug":"algue-atlantique","status":"publish","type":"product","link":"https:\/\/bibaninfusion.com\/ar\/product\/algue-atlantique\/","title":{"rendered":"ALGUE ATLANTIQUE"},"content":{"rendered":"<div id=\"tw-container\" class=\"nev7se\" data-cp=\"1\" data-nnttsvi=\"1\" data-sletp=\"false\" data-sm=\"1\" data-ssbp=\"false\" data-sugg-time=\"500\" data-sugg-url=\"https:\/\/clients1.google.com\/complete\/search\" data-uilc=\"fr\" data-vil=\",af,af-ZA,am,am-ET,ar-EG,ar-AE,ar-KW,ar-QA,ar,ar-IL,ar-JO,ar-LB,ar-PS,az,az-AZ,bg,bg-BG,bn,bn-BD,bn-IN,ca,ca-es,cs,cs-CZ,de,de-DE,de-CH,de-AT,de-LI,en,en-US,en-CA,en-AU,en-NZ,en-GB,en-IN,en-KE,en-TZ,en-NG,en-GH,en-PH,en-ZA,es,es-ES,es-AR,es-UY,es-419,es-BO,es-CL,es-CR,es-CO,es-DO,es-EC,es-GT,es-HN,es-NI,es-PA,es-PE,es-PR,es-PY,es-SV,es-VE,es-MX,es-US,eu,eu-ES,fi,fi-FI,fr,fr-FR,fr-CH,fr-BE,gl,gl-ES,gu,gu-IN,he,he-IL,iw,iw-IL,hu,hu-HU,hy,hy-AM,id,id-ID,is,is-IS,it,it-IT,it-CH,ja,ja-JP,jv,jv-ID,ka,ka-GE,km,km-KH,kn,kn-IN,ko,ko-KR,la,lo,lo-LA,lv,lv-LV,ml,ml-IN,mr,mr-IN,ms,ms-MY,nl,nl-NL,nb,nb-NO,ne,ne-NP,pl,pl-PL,pt,pt-BR,pt-PT,ro,ro-RO,ru,ru-RU,si-LK,sk,sk-SK,sr,sr-RS,su,su-ID,sv,sv-SE,sw,sw-TZ,sw-KE,ta,ta-IN,ta-SG,ta-LK,ta-MY,te,te-IN,tr,tr-TR,ur,ur-PK,ur-IN,yue,yue-HK,yue-Hant-HK,zh-HK,zh,zh-CN,zh-cmn,zh-cmn-CN,zh-Hans,zh-Hans-CN,zh-cmn-Hans,zh-cmn-Hans-CN,cmn-CN,cmn-Hans,cmn-Hans-CN,zh-TW,zh-Hant-TW,cmn-TW,cmn-Hant-TW,zh-cmn-TW,zh-cmn-Hant-TW,zu,zu-ZA,hi,hi-IN,tl,tl-PH,pa,pa-IN\">\n<div id=\"tw-ob\" class=\"tw-src-rtl\">\n<div class=\"oSioSc\">\n<div id=\"tw-target\">\n<div id=\"kAz1tf\" class=\"g9WsWb PZPZlf\" data-attrid=\"tw-targetArea\" data-entityname=\"Google Translate\">\n<div id=\"tw-target-text-container\" class=\"tw-ta-container tw-nfl\" tabindex=\"0\" role=\"text\">\n<pre id=\"tw-target-text\" class=\"tw-data-text tw-text-large tw-ta\" dir=\"ltr\" tabindex=\"-1\" role=\"text\" data-placeholder=\"Traduction\" data-ved=\"2ahUKEwjKvYi5gs-RAxVEfKQEHfAQBTgQ3ewLegQIDBAW\" aria-label=\"Texte traduit\u00a0: Soutien de la thyro\u00efde\u00a0: C\u2019est l\u2019une des meilleures sources naturelles d\u2019iode, un \u00e9l\u00e9ment essentiel \u00e0 la production d\u2019hormones thyro\u00efdiennes et \u00e0 la r\u00e9gulation du m\u00e9tabolisme. Renforcement du syst\u00e8me immunitaire\u00a0: Contient des vitamines C et D ainsi que des antioxydants qui contribuent \u00e0 renforcer le syst\u00e8me immunitaire et \u00e0 lutter contre les infections. Am\u00e9lioration de la digestion\u00a0: Riche en fibres alimentaires et en pr\u00e9biotiques, il favorise la sant\u00e9 intestinale et aide \u00e0 soulager la constipation.\"><img fetchpriority=\"high\" decoding=\"async\" class=\"alignnone wp-image-27539 size-full\" src=\"https:\/\/bibaninfusion.com\/wp-content\/uploads\/2025\/12\/1771079578132.png\" alt=\"\" width=\"848\" height=\"1264\" srcset=\"https:\/\/bibaninfusion.com\/wp-content\/uploads\/2025\/12\/1771079578132.png 848w, https:\/\/bibaninfusion.com\/wp-content\/uploads\/2025\/12\/1771079578132-201x300.png 201w, https:\/\/bibaninfusion.com\/wp-content\/uploads\/2025\/12\/1771079578132-537x800.png 537w, https:\/\/bibaninfusion.com\/wp-content\/uploads\/2025\/12\/1771079578132-768x1145.png 768w, https:\/\/bibaninfusion.com\/wp-content\/uploads\/2025\/12\/1771079578132-8x12.png 8w, https:\/\/bibaninfusion.com\/wp-content\/uploads\/2025\/12\/1771079578132-430x641.png 430w, https:\/\/bibaninfusion.com\/wp-content\/uploads\/2025\/12\/1771079578132-700x1043.png 700w, https:\/\/bibaninfusion.com\/wp-content\/uploads\/2025\/12\/1771079578132-150x224.png 150w\" sizes=\"(max-width: 848px) 100vw, 848px\" \/><\/pre>\n<\/div>\n<\/div>\n<\/div>\n<\/div>\n<\/div>\n<div id=\"tw-images\"><img decoding=\"async\" class=\"alignnone wp-image-27541 size-full\" src=\"https:\/\/bibaninfusion.com\/wp-content\/uploads\/2025\/12\/1771079699594.png\" alt=\"\" width=\"848\" height=\"1264\" srcset=\"https:\/\/bibaninfusion.com\/wp-content\/uploads\/2025\/12\/1771079699594.png 848w, https:\/\/bibaninfusion.com\/wp-content\/uploads\/2025\/12\/1771079699594-201x300.png 201w, https:\/\/bibaninfusion.com\/wp-content\/uploads\/2025\/12\/1771079699594-537x800.png 537w, https:\/\/bibaninfusion.com\/wp-content\/uploads\/2025\/12\/1771079699594-768x1145.png 768w, https:\/\/bibaninfusion.com\/wp-content\/uploads\/2025\/12\/1771079699594-8x12.png 8w, https:\/\/bibaninfusion.com\/wp-content\/uploads\/2025\/12\/1771079699594-430x641.png 430w, https:\/\/bibaninfusion.com\/wp-content\/uploads\/2025\/12\/1771079699594-700x1043.png 700w, https:\/\/bibaninfusion.com\/wp-content\/uploads\/2025\/12\/1771079699594-150x224.png 150w\" sizes=\"(max-width: 848px) 100vw, 848px\" \/><\/div>\n<div>\n<div><\/div>\n<\/div>\n<\/div>\n<div class=\"KFFQ0c xKf9F\"><\/div>\n<pre id=\"tw-target-text\" class=\"tw-data-text tw-text-large tw-ta\" dir=\"ltr\" tabindex=\"-1\" role=\"text\" data-placeholder=\"Traduction\" data-ved=\"2ahUKEwjKvYi5gs-RAxVEfKQEHfAQBTgQ3ewLegQIDBAW\" aria-label=\"Texte traduit\u00a0: Gr\u00e2ce \u00e0 ses propri\u00e9t\u00e9s hydratantes exceptionnelles, il s'utilise en application locale comme hydratant naturel pour la peau. Ing\u00e9r\u00e9, il favorise la production naturelle de collag\u00e8ne, contribuant ainsi \u00e0 une peau saine, des ongles forts et des cheveux \u00e9clatants de sant\u00e9.\"><\/pre>\n<pre id=\"tw-target-text\" class=\"tw-data-text tw-text-large tw-ta\" dir=\"ltr\" tabindex=\"-1\" role=\"text\" data-placeholder=\"Traduction\" data-ved=\"2ahUKEwjKvYi5gs-RAxVEfKQEHfAQBTgQ3ewLegQIDBAW\" aria-label=\"Texte traduit\u00a0: Un groupe diversifi\u00e9 d'organismes aquatiques qui ressemblent aux plantes par leur capacit\u00e9 \u00e0 fabriquer leur propre nourriture gr\u00e2ce \u00e0 la photosynth\u00e8se, mais qui sont d\u00e9pourvus de v\u00e9ritables racines, tiges et feuilles.\"><span class=\"Y2IQFc\" lang=\"fr\">\u00a0<\/span><\/pre>","protected":false},"excerpt":{"rendered":"<p><strong>\u0627\u0644\u062c\u0631\u0639\u0629<\/strong> : Boite 30 g\u00e9lules<\/p>\n<p>\u0627\u0644\u0628\u0627\u0644\u063a\u0648\u0646:  \u0643\u0628\u0633\u0648\u0644\u0629 \u0645\u0631\u062a\u064a\u0646 \u064a\u0648\u0645\u064a\u064b\u0627<\/p>\n<p>\u0627\u0644\u0623\u0637\u0641\u0627\u0644: \u0643\u0628\u0633\u0648\u0644\u0629 \u0648\u0627\u062d\u062f\u0629  \u064a\u0648\u0645\u064a\u064b\u0627<\/p>","protected":false},"featured_media":27515,"comment_status":"open","ping_status":"closed","template":"","meta":[],"product_brand":[],"product_cat":[138],"product_tag":[],"class_list":{"0":"post-27513","1":"product","2":"type-product","3":"status-publish","4":"has-post-thumbnail","6":"product_cat-gelules","8":"first","9":"instock","10":"sale","11":"shipping-taxable","12":"purchasable","13":"product-type-simple"},"_links":{"self":[{"href":"https:\/\/bibaninfusion.com\/ar\/wp-json\/wp\/v2\/product\/27513","targetHints":{"allow":["GET"]}}],"collection":[{"href":"https:\/\/bibaninfusion.com\/ar\/wp-json\/wp\/v2\/product"}],"about":[{"href":"https:\/\/bibaninfusion.com\/ar\/wp-json\/wp\/v2\/types\/product"}],"replies":[{"embeddable":true,"href":"https:\/\/bibaninfusion.com\/ar\/wp-json\/wp\/v2\/comments?post=27513"}],"version-history":[{"count":10,"href":"https:\/\/bibaninfusion.com\/ar\/wp-json\/wp\/v2\/product\/27513\/revisions"}],"predecessor-version":[{"id":27548,"href":"https:\/\/bibaninfusion.com\/ar\/wp-json\/wp\/v2\/product\/27513\/revisions\/27548"}],"wp:featuredmedia":[{"embeddable":true,"href":"https:\/\/bibaninfusion.com\/ar\/wp-json\/wp\/v2\/media\/27515"}],"wp:attachment":[{"href":"https:\/\/bibaninfusion.com\/ar\/wp-json\/wp\/v2\/media?parent=27513"}],"wp:term":[{"taxonomy":"product_brand","embeddable":true,"href":"https:\/\/bibaninfusion.com\/ar\/wp-json\/wp\/v2\/product_brand?post=27513"},{"taxonomy":"product_cat","embeddable":true,"href":"https:\/\/bibaninfusion.com\/ar\/wp-json\/wp\/v2\/product_cat?post=27513"},{"taxonomy":"product_tag","embeddable":true,"href":"https:\/\/bibaninfusion.com\/ar\/wp-json\/wp\/v2\/product_tag?post=27513"}],"curies":[{"name":"wp","href":"https:\/\/api.w.org\/{rel}","templated":true}]}}