{"id":27473,"date":"2025-09-09T00:28:01","date_gmt":"2025-09-09T00:28:01","guid":{"rendered":"https:\/\/bibaninfusion.com\/?post_type=product&#038;p=27473"},"modified":"2025-12-21T13:33:19","modified_gmt":"2025-12-21T13:33:19","slug":"ginseng","status":"publish","type":"product","link":"https:\/\/bibaninfusion.com\/ar\/product\/ginseng\/","title":{"rendered":"GINSENG"},"content":{"rendered":"<p><em>\u0627\u0644\u062c\u064a\u0646\u0633\u0646\u063a \u0646\u0628\u0627\u062a \u0645\u0639\u0631\u0648\u0641 \u0628\u062a\u0623\u062b\u064a\u0631\u0647 \u0627\u0644\u0645\u0646\u0634\u0637 \u0627\u0644\u0639\u0627\u0645. \u0641\u064a \u0627\u0644\u0648\u0627\u0642\u0639\u060c \u0646\u0638\u0631\u064b\u0627 \u0644\u0647\u0630\u0627 \u0627\u0644\u062a\u0623\u062b\u064a\u0631 \u0627\u0644\u0645\u0646\u0634\u0637\u060c \u064a\u064f\u0646\u0635\u062d \u0628\u062a\u0646\u0627\u0648\u0644\u0647 \u0635\u0628\u0627\u062d\u064b\u0627. \u0627\u0644\u062c\u064a\u0646\u0633\u0646\u0648\u0633\u064a\u062f\u0627\u062a\u060c \u0648\u0647\u064a \u0627\u0644\u0645\u0627\u062f\u0629 \u0627\u0644\u0641\u0639\u0627\u0644\u0629 \u0641\u064a \u0627\u0644\u062c\u064a\u0646\u0633\u0646\u063a\u060c \u0647\u064a \u0645\u0627 \u064a\u0645\u0646\u062d\u0647 \u0642\u0648\u062a\u0647 \u0627\u0644\u0639\u0644\u0627\u062c\u064a\u0629. \u062a\u062e\u062a\u0644\u0641 \u0627\u0644\u062c\u0631\u0639\u0629 \u0627\u0644\u0645\u0648\u0635\u0649 \u0628\u0647\u0627 \u0645\u0646 \u0627\u0644\u062c\u064a\u0646\u0633\u0646\u063a \u0628\u0627\u062e\u062a\u0644\u0627\u0641 \u0627\u0644\u062d\u0627\u0644\u0629 \u0627\u0644\u0645\u0631\u0636\u064a\u0629 \u0627\u0644\u0645\u0631\u0627\u062f \u0639\u0644\u0627\u062c\u0647\u0627.\u00a0<\/em><\/p>\n<p><em>Traditionnellement, le\u00a0ginseng asiatique\u00a0est dit \u00ab\u00a0blanc\u00a0\u00bb lorsque la racine a simplement \u00e9t\u00e9 nettoy\u00e9e et s\u00e9ch\u00e9e. On ledit \u00ab\u00a0rouge\u00a0\u00bb ou \u00ab\u00a0ginseng rouge cor\u00e9en\u00a0\u00bb lorsque la racine a \u00e9t\u00e9 trait\u00e9e \u00e0 la vapeur avant d&rsquo;\u00eatre s\u00e9ch\u00e9e.<\/em><\/p>\n<p><strong><em>\u0627\u0644\u0627\u0633\u062a\u0639\u0645\u0627\u0644\u0627\u062a <\/em><\/strong><\/p>\n<p><em>\u0645\u0639\u0627\u0644\u062c\u0629 \u0645\u0634\u0627\u0643\u0644 \u0627\u0644\u0627\u0646\u062a\u0635\u0627\u0628<\/em><\/p>\n<p><em>\u062a\u062d\u0641\u064a\u0632 \u0627\u0644\u0623\u062f\u0627\u0621 \u0627\u0644\u0628\u062f\u0646\u064a \u0648\u0627\u0644\u0641\u0643\u0631\u064a<\/em><\/p>\n<p><em>\u062a\u0646\u0634\u064a\u0637 \u0627\u0644\u0645\u0646\u0627\u0639\u0629<\/em><\/p>\n<p><em>\u0627\u0644\u062d\u064a\u0648\u064a\u0629 \u0648\u0627\u0644\u0637\u0627\u0642\u0629 \u0636\u062f \u0627\u0644\u062a\u0639\u0628<\/em><\/p>\n<p><em>\u0642\u062f\u0631\u0629 \u0639\u0644\u0649 \u0627\u0644\u062a\u062d\u0645\u0644<\/em><\/p>\n<p><em>\u062a\u0646\u0634\u064a\u0637 \u0627\u0644\u0630\u0627\u0643\u0631\u0629 <\/em><\/p>\n<p><em>\u062a\u0639\u0632\u064a\u0632 \u062c\u0647\u0627\u0632 \u0627\u0644\u0645\u0646\u0627\u0639\u0629 \u0648\u062a\u062e\u0641\u064a\u0641 \u0627\u0644\u062a\u0648\u062a\u0631 <\/em><\/p>\n<p><em>\u0627\u0644\u062d\u0641\u0627\u0638 \u0639\u0644\u0649 \u0635\u062d\u0629 \u0643\u0628\u0627\u0631 \u0627\u0644\u0633\u0646\u060c \u0648\u062e\u0627\u0635\u0629 \u0627\u0644\u0646\u0633\u0627\u0621 \u0628\u0639\u062f \u0627\u0646\u0642\u0637\u0627\u0639 \u0627\u0644\u0637\u0645\u062b.<\/em><\/p>\n<p><em>\u00a0<\/em><\/p>\n<p><strong>\u0627\u0644\u062a\u0631\u0643\u064a\u0628<\/strong><\/p>\n<p>\u0643\u0644 \u0643\u0628\u0633\u0648\u0644\u0629 \u062a\u062d\u062a\u0648\u064a \u0639\u0644\u0649<br \/>\n400 \u0645\u063a \u0645\u0646 \u0627\u0644\u062c\u0646\u0633\u0646\u063a<\/p>","protected":false},"excerpt":{"rendered":"<p><strong>\u0627\u0644\u062c\u0631\u0639\u0629<\/strong> : \u0639\u0644\u0628\u0629 \u062a\u062d\u062a\u0648\u064a \u0639\u0644\u064940 \u0643\u0628\u0633\u0648\u0644\u0629<\/p>\n<p>\u0627\u0644\u0628\u0627\u0644\u063a\u0648\u0646:  \u0643\u0628\u0633\u0648\u0644\u0629 \u0645\u0631\u062a\u064a\u0646 \u064a\u0648\u0645\u064a\u064b\u0627<\/p>\n<p>\u0627\u0644\u0623\u0637\u0641\u0627\u0644: \u0643\u0628\u0633\u0648\u0644\u0629 \u0648\u0627\u062d\u062f\u0629  \u064a\u0648\u0645\u064a\u064b\u0627<\/p>","protected":false},"featured_media":27347,"comment_status":"open","ping_status":"closed","template":"","meta":[],"product_brand":[],"product_cat":[138],"product_tag":[],"class_list":{"0":"post-27473","1":"product","2":"type-product","3":"status-publish","4":"has-post-thumbnail","6":"product_cat-gelules","8":"first","9":"instock","10":"sale","11":"shipping-taxable","12":"purchasable","13":"product-type-simple"},"_links":{"self":[{"href":"https:\/\/bibaninfusion.com\/ar\/wp-json\/wp\/v2\/product\/27473","targetHints":{"allow":["GET"]}}],"collection":[{"href":"https:\/\/bibaninfusion.com\/ar\/wp-json\/wp\/v2\/product"}],"about":[{"href":"https:\/\/bibaninfusion.com\/ar\/wp-json\/wp\/v2\/types\/product"}],"replies":[{"embeddable":true,"href":"https:\/\/bibaninfusion.com\/ar\/wp-json\/wp\/v2\/comments?post=27473"}],"version-history":[{"count":1,"href":"https:\/\/bibaninfusion.com\/ar\/wp-json\/wp\/v2\/product\/27473\/revisions"}],"predecessor-version":[{"id":27474,"href":"https:\/\/bibaninfusion.com\/ar\/wp-json\/wp\/v2\/product\/27473\/revisions\/27474"}],"wp:featuredmedia":[{"embeddable":true,"href":"https:\/\/bibaninfusion.com\/ar\/wp-json\/wp\/v2\/media\/27347"}],"wp:attachment":[{"href":"https:\/\/bibaninfusion.com\/ar\/wp-json\/wp\/v2\/media?parent=27473"}],"wp:term":[{"taxonomy":"product_brand","embeddable":true,"href":"https:\/\/bibaninfusion.com\/ar\/wp-json\/wp\/v2\/product_brand?post=27473"},{"taxonomy":"product_cat","embeddable":true,"href":"https:\/\/bibaninfusion.com\/ar\/wp-json\/wp\/v2\/product_cat?post=27473"},{"taxonomy":"product_tag","embeddable":true,"href":"https:\/\/bibaninfusion.com\/ar\/wp-json\/wp\/v2\/product_tag?post=27473"}],"curies":[{"name":"wp","href":"https:\/\/api.w.org\/{rel}","templated":true}]}}